{"id":29,"date":"2018-10-21T15:11:49","date_gmt":"2018-10-21T15:11:49","guid":{"rendered":"http:\/\/coprocier.org.ar\/web\/?page_id=29"},"modified":"2018-10-22T12:55:54","modified_gmt":"2018-10-22T12:55:54","slug":"quienes-somos","status":"publish","type":"page","link":"https:\/\/coprocier.org.ar\/web\/quienes-somos\/","title":{"rendered":"\u00bfQui\u00e9nes somos?"},"content":{"rendered":"<p style=\"text-align: justify;\">El Colegio de Profesionales de Ciencias Inform\u00e1ticas de Entre R\u00edos (COPROCIER) es la instituci\u00f3n que representa a los profesionales de la inform\u00e1tica de la provincia, a trav\u00e9s de su matriculaci\u00f3n. La entidad nuclea a los profesionales que poseen t\u00edtulo de grado en carreras de Ciencias Inform\u00e1ticas que se dictan en las universidades de nuestro pa\u00eds.<\/p>\n<p><img loading=\"lazy\" decoding=\"async\" class=\"aligncenter wp-image-103 size-full\" src=\"http:\/\/coprocier.org.ar\/web\/wp-content\/uploads\/2018\/10\/delitos-informaticos-coprocer2.jpg\" alt=\"\" width=\"960\" height=\"551\" srcset=\"https:\/\/coprocier.org.ar\/web\/wp-content\/uploads\/2018\/10\/delitos-informaticos-coprocer2.jpg 960w, https:\/\/coprocier.org.ar\/web\/wp-content\/uploads\/2018\/10\/delitos-informaticos-coprocer2-300x172.jpg 300w, https:\/\/coprocier.org.ar\/web\/wp-content\/uploads\/2018\/10\/delitos-informaticos-coprocer2-768x441.jpg 768w\" sizes=\"(max-width: 960px) 100vw, 960px\" \/><\/p>\n<p style=\"text-align: justify;\">El Colegio fue creado por <a href=\"http:\/\/coprocier.org.ar\/web\/?page_id=33\">Ley Provincial N\u00ba 9498<\/a>, sancionada en el a\u00f1o 2003, que regula las condiciones para el ejercicio de la profesi\u00f3n en Entre R\u00edos, y asume como funci\u00f3n principal la de representar y proteger los derechos de los matriculados en sus diversos \u00e1mbitos de actuaci\u00f3n, promoviendo el ejercicio legal de la profesi\u00f3n.<\/p>\n<p style=\"text-align: justify;\">Con la sanci\u00f3n de la ley y la creaci\u00f3n del Colegio se logr\u00f3 regular e institucionalizar el ejercicio de la profesi\u00f3n inform\u00e1tica, dando respuesta a las exigencias del medio, marcado por la demanda de un trabajo cada vez m\u00e1s especializado, as\u00ed como por el alto nivel acad\u00e9mico alcanzado en las carreras universitarias de la disciplina.<\/p>\n<p style=\"text-align: justify;\">Desde su creaci\u00f3n, COPROCIER ha tenido un notorio crecimiento en cuanto a cantidad de matriculados, inserci\u00f3n en el medio y desarrollo institucional. Actualmente, nuestra entidad nuclea a m\u00e1s de 500 matriculados en toda la provincia y sostiene v\u00ednculos de cooperaci\u00f3n con distintas instituciones del medio.<\/p>\n<p style=\"text-align: justify;\">Entre otras funciones, el Colegio define como sus objetivos:<\/p>\n<ul>\n<li style=\"text-align: justify;\">Estimular el profesionalismo y prestigio de la profesi\u00f3n, as\u00ed como promover las buenas pr\u00e1cticas profesionales.<\/li>\n<li style=\"text-align: justify;\">Incentivar la capacitaci\u00f3n de los colegiados, a trav\u00e9s de propuestas de formaci\u00f3n propias o en convenio con instituciones del \u00e1mbito acad\u00e9mico.<\/li>\n<li style=\"text-align: justify;\">Asesorar a los organismos del Estado, Consejos o C\u00e1maras Empresarias, entidades intermedias e instituciones afines en \u00e1reas de su incumbencia.<\/li>\n<li style=\"text-align: justify;\">Velar por la \u00e9tica profesional a trav\u00e9s del cumplimiento del C\u00f3digo de \u00c9tica.<\/li>\n<li style=\"text-align: justify;\">Combatir el ejercicio ilegal de la profesi\u00f3n<\/li>\n<li style=\"text-align: justify;\">Incentivar relaciones solidarias y de cooperaci\u00f3n entre colegas.<\/li>\n<li style=\"text-align: justify;\">Promover entre sus matriculados el compromiso de contribuir a mejorar la calidad de vida de la sociedad en su conjunto.<\/li>\n<\/ul>\n<p>&nbsp;<\/p>\n<p><img loading=\"lazy\" decoding=\"async\" class=\"aligncenter wp-image-104 size-full\" src=\"http:\/\/coprocier.org.ar\/web\/wp-content\/uploads\/2018\/10\/197_276.jpg\" alt=\"\" width=\"1632\" height=\"1224\" srcset=\"https:\/\/coprocier.org.ar\/web\/wp-content\/uploads\/2018\/10\/197_276.jpg 1632w, https:\/\/coprocier.org.ar\/web\/wp-content\/uploads\/2018\/10\/197_276-300x225.jpg 300w, https:\/\/coprocier.org.ar\/web\/wp-content\/uploads\/2018\/10\/197_276-768x576.jpg 768w, https:\/\/coprocier.org.ar\/web\/wp-content\/uploads\/2018\/10\/197_276-1024x768.jpg 1024w\" sizes=\"(max-width: 1632px) 100vw, 1632px\" \/><\/p>\n<p style=\"text-align: justify;\">Este Colegio es la \u00fanica entidad en la provincia que puede controlar la habilitaci\u00f3n y vigencia de las matr\u00edculas profesionales en Ciencias Inform\u00e1ticas, respaldando tanto al profesional que realiza su tarea, como al usuario o empresa que lo contrata.<\/p>\n<p style=\"text-align: justify;\">El COPROCIER es una instituci\u00f3n democr\u00e1tica y federal. En tanto entidad intermedia de la provincia, busca participar, intervenir y colaborar en el desarrollo de nuestra regi\u00f3n. Con ese objetivo, se propone establecer v\u00ednculos de calidad y cooperaci\u00f3n con instituciones del \u00e1mbito acad\u00e9mico, fuerzas vivas y sectores econ\u00f3micos y productivos.<\/p>\n","protected":false},"excerpt":{"rendered":"<p>El Colegio de Profesionales de Ciencias Inform\u00e1ticas de Entre R\u00edos (COPROCIER) es la instituci\u00f3n que representa a los profesionales de la inform\u00e1tica de la provincia, a trav\u00e9s de su matriculaci\u00f3n. La entidad nuclea a los profesionales que poseen t\u00edtulo de grado en carreras de Ciencias Inform\u00e1ticas que se dictan en las universidades de nuestro pa\u00eds. [&hellip;]<\/p>\n","protected":false},"author":1,"featured_media":0,"parent":0,"menu_order":0,"comment_status":"closed","ping_status":"closed","template":"","meta":{"_et_pb_use_builder":"","_et_pb_old_content":"","_et_gb_content_width":"","footnotes":""},"class_list":["post-29","page","type-page","status-publish","hentry"],"_links":{"self":[{"href":"https:\/\/coprocier.org.ar\/web\/wp-json\/wp\/v2\/pages\/29","targetHints":{"allow":["GET"]}}],"collection":[{"href":"https:\/\/coprocier.org.ar\/web\/wp-json\/wp\/v2\/pages"}],"about":[{"href":"https:\/\/coprocier.org.ar\/web\/wp-json\/wp\/v2\/types\/page"}],"author":[{"embeddable":true,"href":"https:\/\/coprocier.org.ar\/web\/wp-json\/wp\/v2\/users\/1"}],"replies":[{"embeddable":true,"href":"https:\/\/coprocier.org.ar\/web\/wp-json\/wp\/v2\/comments?post=29"}],"version-history":[{"count":3,"href":"https:\/\/coprocier.org.ar\/web\/wp-json\/wp\/v2\/pages\/29\/revisions"}],"predecessor-version":[{"id":105,"href":"https:\/\/coprocier.org.ar\/web\/wp-json\/wp\/v2\/pages\/29\/revisions\/105"}],"wp:attachment":[{"href":"https:\/\/coprocier.org.ar\/web\/wp-json\/wp\/v2\/media?parent=29"}],"curies":[{"name":"wp","href":"https:\/\/api.w.org\/{rel}","templated":true}]}}