{"id":31,"date":"2018-10-21T15:11:59","date_gmt":"2018-10-21T15:11:59","guid":{"rendered":"http:\/\/coprocier.org.ar\/web\/?page_id=31"},"modified":"2018-10-21T15:21:06","modified_gmt":"2018-10-21T15:21:06","slug":"historia","status":"publish","type":"page","link":"https:\/\/coprocier.org.ar\/web\/historia\/","title":{"rendered":"Historia"},"content":{"rendered":"<p style=\"text-align: justify;\"><strong>Como dec\u00eda Ortega y Gasset &#8230; \u0093el hombre no es s\u00f3lo el hombre &#8230;. es el hombre y su circunstancia\u0094, y en esto de las circunstancias debemos decir \u0096 ciertamente \u0096 que los inicios del Colegio de Profesionales de la Inform\u00e1tica de Entre R\u00edos no estuvieron signados por circunstancias similares a las actuales &#8230; entonces, algunas de aquellas razones se desvanecieron en el tiempo, otras tomaron mas fuerza y aparecieron nuevas que movilizan a\u00fan m\u00e1s la necesidad de conformar un Colegio, con todo lo que esto significa.<\/strong><\/p>\n<p style=\"text-align: justify;\">Fue por el a\u00f1o 1986, cuando algunas personas que entend\u00edamos nuestro trabajo como \u0093profesional\u0094 y aspir\u00e1bamos a tener las mismas consideraciones que otras profesiones, quisimos avanzar en la necesidad de colegiarnos. La iniciativa la tuvo personal del Centro de C\u00f3mputos del Banco de Entre R\u00edos, aqu\u00e9l que funcionaba por calle Per\u00fa, metros antes de San Mart\u00edn &#8230; a quienes se sumaron profesionales desde la vieja Direcci\u00f3n de C\u00f3mputos de la Provincia y algunos m\u00e1s que ya trabajaban en el \u00e1mbito privado y que prestaban servicios a empresas de la zona y\/o daban clases de programaci\u00f3n. Hubo charlas, debates, asambleas, reuniones &#8230; el eje rector era \u0093 &#8230; crear una Instituci\u00f3n con el fin primordial de reunir en su seno a los profesionales que ejerzan las especialidades de &#8230; \u0093<\/p>\n<p style=\"text-align: justify;\">Los planteos eran muchos, las charlas fueron interminables &#8230; corr\u00eda el a\u00f1o 1987, no exist\u00eda Windows, s\u00f3lo el viejo MS-DOS en los equipos PC, no hab\u00eda \u0093explosi\u00f3n inform\u00e1tica\u0094, el mundo era de los MainFrame &#8230; pero se ve\u00eda venir &#8230;<\/p>\n<p style=\"text-align: justify;\">La necesidad era \u0093jerarquizar la profesi\u00f3n\u0094 &#8230; hacer llegar la voz que esto no era un juego, ni una tontera de iluminados visionarios &#8230; insertar en la sociedad la cultura de que qui\u00e9n realiza una tarea inform\u00e1tica profesional deb\u00eda y ten\u00eda que ser un \u0093profesional\u0094 &#8230;, deb\u00eda estar capacitado y avalado por una entidad que regule esta actividad y diera un marco de seriedad y jerarquia a los trabajos efectuados por sus colegiados, que el dise\u00f1o y generciamiento de sistemas inform\u00e1ticos para las empresas privadas o p\u00fablicas no era una tarea menor y que constitu\u00edamos un sector importante en la fuerza laboral de la ciudad, de la provincia, de la regi\u00f3n.<\/p>\n<p style=\"text-align: justify;\">As\u00ed fue que, despu\u00e9s de meses de intercambio de pareceres, y de trabajos de planificaci\u00f3n, el 7 de Mayo de 1987, se celebr\u00f3 la reuni\u00f3n de dio lugar al Acta Constitutiva del COPIER \u00f3 Colegio de Profesionales del Colegio de Profesionales de la Inform\u00e1tica de Entre R\u00edos. Fu\u00e9 en Belgrano 180, en los salones de la Sociedad Mutual de Empleados del Banco de Entre R\u00edos,<\/p>\n<p style=\"text-align: justify;\">Despu\u00e9s vinieron muchas cosas.<\/p>\n<p style=\"text-align: justify;\">Un encuentro con Profesionales de las provincias de C\u00f3rdoba, Corrientes y Buenos Aires, para tratar problem\u00e1ticas comunes &#8230; tarea mas que importante para aquella \u00e9poca, juntar a quienes realiz\u00e1bamos tareas af\u00ednes para contarnos las visiones particulares de cada lugar &#8230; fue el 19 de Setiembre de 1987 \u0096aqu\u00ed en Paran\u00e1- y se abr\u00edan horizontes interesantes en esta \u00eddea de la colegiaci\u00f3n.<\/p>\n<p style=\"text-align: justify;\">La Primer Asamblea General Ordinaria &#8230; el 23 de Octubre de 1988, la primera Comisi\u00f3n Directiva, la apertura de un registro de interesados en participar de la confecci\u00f3n del anteproyecto de la Ley, la presentaci\u00f3n del primer anteproyecto &#8230; y reci\u00e9n vamos por el 1988 &#8230;<\/p>\n","protected":false},"excerpt":{"rendered":"<p>Como dec\u00eda Ortega y Gasset &#8230; \u0093el hombre no es s\u00f3lo el hombre &#8230;. es el hombre y su circunstancia\u0094, y en esto de las circunstancias debemos decir \u0096 ciertamente \u0096 que los inicios del Colegio de Profesionales de la Inform\u00e1tica de Entre R\u00edos no estuvieron signados por circunstancias similares a las actuales &#8230; entonces, [&hellip;]<\/p>\n","protected":false},"author":1,"featured_media":0,"parent":0,"menu_order":0,"comment_status":"closed","ping_status":"closed","template":"","meta":{"_et_pb_use_builder":"","_et_pb_old_content":"","_et_gb_content_width":"","footnotes":""},"class_list":["post-31","page","type-page","status-publish","hentry"],"_links":{"self":[{"href":"https:\/\/coprocier.org.ar\/web\/wp-json\/wp\/v2\/pages\/31","targetHints":{"allow":["GET"]}}],"collection":[{"href":"https:\/\/coprocier.org.ar\/web\/wp-json\/wp\/v2\/pages"}],"about":[{"href":"https:\/\/coprocier.org.ar\/web\/wp-json\/wp\/v2\/types\/page"}],"author":[{"embeddable":true,"href":"https:\/\/coprocier.org.ar\/web\/wp-json\/wp\/v2\/users\/1"}],"replies":[{"embeddable":true,"href":"https:\/\/coprocier.org.ar\/web\/wp-json\/wp\/v2\/comments?post=31"}],"version-history":[{"count":4,"href":"https:\/\/coprocier.org.ar\/web\/wp-json\/wp\/v2\/pages\/31\/revisions"}],"predecessor-version":[{"id":42,"href":"https:\/\/coprocier.org.ar\/web\/wp-json\/wp\/v2\/pages\/31\/revisions\/42"}],"wp:attachment":[{"href":"https:\/\/coprocier.org.ar\/web\/wp-json\/wp\/v2\/media?parent=31"}],"curies":[{"name":"wp","href":"https:\/\/api.w.org\/{rel}","templated":true}]}}