{"id":43,"date":"2018-10-21T16:14:15","date_gmt":"2018-10-21T16:14:15","guid":{"rendered":"http:\/\/coprocier.org.ar\/web\/?page_id=43"},"modified":"2018-11-05T15:14:32","modified_gmt":"2018-11-05T15:14:32","slug":"quienes-deben-matricularse","status":"publish","type":"page","link":"https:\/\/coprocier.org.ar\/web\/quienes-deben-matricularse\/","title":{"rendered":"\u00bfQui\u00e9nes deben matricularse?"},"content":{"rendered":"<h2 style=\"text-align: justify;\"><strong>Ejercicio Profesional. Concepto.<\/strong><\/h2>\n<p style=\"text-align: justify;\">Se considerar\u00e1 ejercicio profesional toda actividad o prestaci\u00f3n personal de servicio, acto, tarea o pr\u00e1ctica, que suponga, requiera o comprometa la aplicaci\u00f3n, a favor de terceros de conocimientos t\u00e9cnicos y cient\u00edficos propios de la capacitaci\u00f3n que brindan los t\u00edtulos profesionales habilitantes de acuerdo a lo dispuesto por la Legislaci\u00f3n Universitaria en general y por todo acto o resoluci\u00f3n que fije incumbencias para las profesiones comprendidas en esta Ley o disposici\u00f3n emanada de Autoridad Nacional o legalmente competente.<\/p>\n<p style=\"text-align: justify;\">a) El ofrecimiento o realizaci\u00f3n de servicios profesionales inform\u00e1ticos.<\/p>\n<p style=\"text-align: justify;\">b) El desempe\u00f1o de cargos, funciones, comisiones o empleos dependientes de los poderes p\u00fablicos o de particulares, cuando lo fuere por sus conocimientos profesionales con referencia a cualesquiera de las profesiones reglamentadas por la <a href=\"http:\/\/coprocier.org.ar\/web\/?page_id=33\">Ley 9498<\/a>.<\/p>\n<p style=\"text-align: justify;\">c) La evacuaci\u00f3n, emisi\u00f3n, presentaci\u00f3n o aplicaci\u00f3n de informes, dict\u00e1menes,\u00a0 consultoras, estudios, consejos o asesoramiento, pericia, auditor\u00edas, presupuestos, escritos, an\u00e1lisis, proyectos o trabajos similares, inherentes a las Ciencias Inform\u00e1ticas, destinados a ser presentados ante los poderes p\u00fablicos, particulares o a entidades p\u00fablicas, mixtas o privadas.<\/p>\n<p style=\"text-align: justify;\">d) El desempe\u00f1o en academia, estudio, asesor\u00eda, consultora, oficina, centro, sociedad, asociaci\u00f3n, organizaci\u00f3n u otros similares y sus equivalentes en idiomas extranjeros, con referencia a cualesquiera de las profesiones reglamentadas por la <a href=\"http:\/\/coprocier.org.ar\/web\/?page_id=33\">Ley 9498<\/a>.<\/p>\n<p style=\"text-align: justify;\">e) El desarrollo de actividades docentes en disciplinas inform\u00e1ticas en todos los niveles.-<\/p>\n<h2 style=\"text-align: justify;\">Actividad Profesional.<\/h2>\n<p style=\"text-align: justify;\">Se consideran igualmente actos de ejercicio profesional, los siguientes:<\/p>\n<p style=\"text-align: justify;\">a) Evaluar las necesidades funcionales de las organizaciones; con la finalidad de dise\u00f1ar e implantar sus sistemas inform\u00e1ticos y\/o modificar los existentes.<\/p>\n<p style=\"text-align: justify;\">b) Planificar, dirigir y\/o supervisar el relevamiento, dise\u00f1o y ejecuci\u00f3n de proyectos inform\u00e1ticos y la implementaci\u00f3n de sistemas inform\u00e1ticos de acuerdo con cada organizaci\u00f3n.<\/p>\n<p style=\"text-align: justify;\">c) Entender, planificar y\/o dirigir los estudios t\u00e9cnico \u2013 econ\u00f3micos de factibilidad y\/o referentes a la configuraci\u00f3n y dimensionamiento de sistemas automatizados de procesamiento de datos.<\/p>\n<p style=\"text-align: justify;\">d) Realizar el relevamiento, an\u00e1lisis, dise\u00f1o, desarrollo, prueba e implementaci\u00f3n de sistemas inform\u00e1ticos. Organizar y capacitar al personal afectado por dichos sistemas.<\/p>\n<p style=\"text-align: justify;\">e) Organizar, dirigir y controlar Centros de Procesamiento de Datos o Centros de C\u00f3mputos, seleccionar y capacitar al personal de los mismos, preparar y capacitar al personal de todas las \u00e1reas afectadas por su servicio.<\/p>\n<p style=\"text-align: justify;\">f) Asesorar, verificar y evaluar la utilizaci\u00f3n, eficiencia y confiabilidad de los medios de procesamiento de datos y de los sistemas de informaci\u00f3n.<\/p>\n<p style=\"text-align: justify;\">g) Determinar, regular y administrar las pautas operativas a regir en las instalaciones de Procesamiento de Datos o Centro de C\u00f3mputos. Desarrollar y aplicar t\u00e9cnicas de seguridad en lo\u00a0 referente al acceso y disponibilidad de la informaci\u00f3n, como as\u00ed tambi\u00e9n, los respaldos de seguridad de todos los recursos operables.<\/p>\n<p style=\"text-align: justify;\">h) Instrumentar y emitir toda la documentaci\u00f3n que respalde la actividad del Centro de Procesamiento de Informaci\u00f3n. Tambi\u00e9n dise\u00f1ar y confeccionar los manuales de procesos y los formularios requeridos para el procesamiento de la informaci\u00f3n.<\/p>\n<p style=\"text-align: justify;\">i) Crear, implantar y actualizar las normas de control que hacen al funcionamiento de los Centros de Procesamiento de Informaci\u00f3n.<\/p>\n<p style=\"text-align: justify;\">j) Evaluar y seleccionar alternativas de asistencia externa en temas inherentes a sistemas de informaci\u00f3n.<\/p>\n<p style=\"text-align: justify;\">k) Efectuar tareas de auditor\u00edas de los sistemas de informaci\u00f3n y de los Centros de Procesamiento de Datos, perteneciendo a otra \u00e1rea de la misma empresa o respondiendo a una Auditor\u00eda Externa.<\/p>\n<p style=\"text-align: justify;\">l) Participar en \u00e1mbitos p\u00fablicos o privados, en tareas vinculadas con el desarrollo difusi\u00f3n y supervisi\u00f3n de las actividades relacionadas con la Inform\u00e1tica.<\/p>\n<p style=\"text-align: justify;\">m) Desempe\u00f1ar cargos, funciones, comisiones o empleos dependientes de organismos oficiales, privados o mixtos para cuya designaci\u00f3n se requiera estar habilitado en Ciencias Inform\u00e1ticas, o para los cuales se requieran conocimientos propios de la profesi\u00f3n.<\/p>\n<p style=\"text-align: justify;\">n) Evaluar y seleccionar herramientas de hardware y\/o de software de acuerdo a las necesidades de una organizaci\u00f3n.<\/p>\n<p style=\"text-align: justify;\">\u00f1) Realizar arbitrajes, pericias y tasaciones relacionados con los sistemas de informaci\u00f3n y los medios de Procesamiento de datos.<\/p>\n<p style=\"text-align: justify;\">o) Asesorar en relaci\u00f3n con la planificaci\u00f3n, dise\u00f1o, interpretaci\u00f3n y aplicaci\u00f3n de la legislaci\u00f3n correspondiente a sistemas de informaci\u00f3n, procesamiento y comunicaci\u00f3n de datos, de modo de\u00a0 poder actuar tanto en el sector p\u00fablico como privado.<\/p>\n<p style=\"text-align: justify;\">p) Desarrollar los planes de formaci\u00f3n para los profesionales de otras disciplinas en la utilizaci\u00f3n de recursos de computaci\u00f3n.<\/p>\n<p style=\"text-align: justify;\">q) Fijar y controlar el cumplimiento de las pautas t\u00e9cnicas y administrativas que rigen\u00a0 el funcionamiento de la explotaci\u00f3n de los recursos inform\u00e1ticos de cada organizaci\u00f3n.<\/p>\n<p style=\"text-align: justify;\">r) Todas aquellas otras actividades profesionales comprendidas en las incumbencias que les pertenecieren a los t\u00edtulos relativos a las Ciencias Inform\u00e1ticas, de acuerdo a lo dispuesto por la\u00a0\u00a0\u00a0 Legislaci\u00f3n Universitaria en general y en particular del Ministerio de Cultura y Educaci\u00f3n de la Naci\u00f3n, y todo acto o resoluci\u00f3n que fije incumbencias para las profesiones comprendidas por esta Ley o disposici\u00f3n que les reemplazare, modificare o hiciere sus veces emanada de autoridad nacional o legalmente competente.-<\/p>\n","protected":false},"excerpt":{"rendered":"<p>Ejercicio Profesional. Concepto. Se considerar\u00e1 ejercicio profesional toda actividad o prestaci\u00f3n personal de servicio, acto, tarea o pr\u00e1ctica, que suponga, requiera o comprometa la aplicaci\u00f3n, a favor de terceros de conocimientos t\u00e9cnicos y cient\u00edficos propios de la capacitaci\u00f3n que brindan los t\u00edtulos profesionales habilitantes de acuerdo a lo dispuesto por la Legislaci\u00f3n Universitaria en general [&hellip;]<\/p>\n","protected":false},"author":1,"featured_media":0,"parent":0,"menu_order":0,"comment_status":"closed","ping_status":"closed","template":"","meta":{"_et_pb_use_builder":"","_et_pb_old_content":"","_et_gb_content_width":"","footnotes":""},"class_list":["post-43","page","type-page","status-publish","hentry"],"_links":{"self":[{"href":"https:\/\/coprocier.org.ar\/web\/wp-json\/wp\/v2\/pages\/43","targetHints":{"allow":["GET"]}}],"collection":[{"href":"https:\/\/coprocier.org.ar\/web\/wp-json\/wp\/v2\/pages"}],"about":[{"href":"https:\/\/coprocier.org.ar\/web\/wp-json\/wp\/v2\/types\/page"}],"author":[{"embeddable":true,"href":"https:\/\/coprocier.org.ar\/web\/wp-json\/wp\/v2\/users\/1"}],"replies":[{"embeddable":true,"href":"https:\/\/coprocier.org.ar\/web\/wp-json\/wp\/v2\/comments?post=43"}],"version-history":[{"count":4,"href":"https:\/\/coprocier.org.ar\/web\/wp-json\/wp\/v2\/pages\/43\/revisions"}],"predecessor-version":[{"id":133,"href":"https:\/\/coprocier.org.ar\/web\/wp-json\/wp\/v2\/pages\/43\/revisions\/133"}],"wp:attachment":[{"href":"https:\/\/coprocier.org.ar\/web\/wp-json\/wp\/v2\/media?parent=43"}],"curies":[{"name":"wp","href":"https:\/\/api.w.org\/{rel}","templated":true}]}}