{"id":45,"date":"2018-10-21T16:14:31","date_gmt":"2018-10-21T16:14:31","guid":{"rendered":"http:\/\/coprocier.org.ar\/web\/?page_id=45"},"modified":"2026-03-26T14:50:51","modified_gmt":"2026-03-26T14:50:51","slug":"requisitos-para-matricularse","status":"publish","type":"page","link":"https:\/\/coprocier.org.ar\/web\/requisitos-para-matricularse\/","title":{"rendered":"Requisitos para matricularse"},"content":{"rendered":"<p style=\"text-align: justify;\">Los profesionales inform\u00e1ticos que deseen obtener su matr\u00edcula deben:<\/p>\n<ul style=\"text-align: justify;\">\n<li>Acceder al texto del <a href=\"https:\/\/coprocier.org.ar\/web\/codigo-de-etica-profesional\/\" target=\"_blank\" rel=\"noopener\">C\u00f3digo de \u00c9tica Profesional<\/a> y analizarlo detalladamente, considerando que su potencial admisi\u00f3n implica el compromiso de su cumplimiento.<\/li>\n<li>Preparar un PDF con foto del DNI (anverso y reverso).<\/li>\n<li>Praparar un PDF con el t\u00edtulo universitario (o constancia de t\u00edtulo en tr\u00e1mite)<\/li>\n<li>Preparar un PDF con el plan de estudios de la carrera que cursaste, aprobada por resoluci\u00f3n ministerial, en el que aparezcan los alcances de tu t\u00edtulo (o incumbencias profesionales), que son las que determinan las \u00e1reas en las que pod\u00e9s ejercer.<\/li>\n<li>Preparar un PDF del certificado de antecedentes penales (<a href=\"https:\/\/www.argentina.gob.ar\/justicia\/reincidencia\/antecedentespenales\" target=\"_blank\" rel=\"noopener\">pod\u00e9s solicitarlo aqu\u00ed<\/a>)<\/li>\n<li>Completar el <a href=\"https:\/\/coprocier.org.ar\/matriculacion\/\" target=\"_blank\" rel=\"noopener\">formulario de alta de matriculado<\/a>, en el que tendr\u00e1s que adjuntar los PDFs mencionados anteriormente.<\/li>\n<\/ul>\n<h1 style=\"text-align: justify;\">Nota sobre la documentaci\u00f3n<\/h1>\n<p style=\"text-align: justify;\">Diploma Universitario, inscripto en el Ministerio de Cultura y Educaci\u00f3n, y legalizado por el Ministerio de Interior, acompa\u00f1ando una fotocopia o copia fotogr\u00e1fica doble faz. Los titulares de los diplomas extranjeros reconocidos o revalidados deber\u00e1n acompa\u00f1arlo con una copia de la resoluci\u00f3n del Ministerio de Cultura y Educaci\u00f3n de la Naci\u00f3n o de la Universidad que otorg\u00f3 la rev\u00e1lida.<\/p>\n<p style=\"text-align: justify;\">Si el profesional hubiere extraviado el diploma deber\u00e1 presentar, en su reemplazo, una constancia expedida el efecto por la Universidad otorgante, legalizada por el Ministerio de Cultura y Educaci\u00f3n de la Naci\u00f3n o prueba supletoria a satisfacci\u00f3n del Directorio- Cuando la facultad no hubiere expedido el diploma se admitir\u00e1 en su reemplazo una constancia extendida por la misma, debi\u00e9ndose cumplimentar a la brevedad este punto.<\/p>\n<p>En el caso que su solicitud de admisi\u00f3n sea aprobada, deber\u00e1 <span style=\"text-align: justify;\">Abonar el DEP (Derecho de Ejercicio Profesional) completo del mes vigente.<\/span><\/p>\n","protected":false},"excerpt":{"rendered":"<p>Los profesionales inform\u00e1ticos que deseen obtener su matr\u00edcula deben: Acceder al texto del C\u00f3digo de \u00c9tica Profesional y analizarlo detalladamente, considerando que su potencial admisi\u00f3n implica el compromiso de su cumplimiento. Preparar un PDF con foto del DNI (anverso y reverso). Praparar un PDF con el t\u00edtulo universitario (o constancia de t\u00edtulo en tr\u00e1mite) Preparar [&hellip;]<\/p>\n","protected":false},"author":1,"featured_media":0,"parent":0,"menu_order":0,"comment_status":"closed","ping_status":"closed","template":"","meta":{"_et_pb_use_builder":"","_et_pb_old_content":"","_et_gb_content_width":"","footnotes":""},"class_list":["post-45","page","type-page","status-publish","hentry"],"_links":{"self":[{"href":"https:\/\/coprocier.org.ar\/web\/wp-json\/wp\/v2\/pages\/45","targetHints":{"allow":["GET"]}}],"collection":[{"href":"https:\/\/coprocier.org.ar\/web\/wp-json\/wp\/v2\/pages"}],"about":[{"href":"https:\/\/coprocier.org.ar\/web\/wp-json\/wp\/v2\/types\/page"}],"author":[{"embeddable":true,"href":"https:\/\/coprocier.org.ar\/web\/wp-json\/wp\/v2\/users\/1"}],"replies":[{"embeddable":true,"href":"https:\/\/coprocier.org.ar\/web\/wp-json\/wp\/v2\/comments?post=45"}],"version-history":[{"count":3,"href":"https:\/\/coprocier.org.ar\/web\/wp-json\/wp\/v2\/pages\/45\/revisions"}],"predecessor-version":[{"id":6372,"href":"https:\/\/coprocier.org.ar\/web\/wp-json\/wp\/v2\/pages\/45\/revisions\/6372"}],"wp:attachment":[{"href":"https:\/\/coprocier.org.ar\/web\/wp-json\/wp\/v2\/media?parent=45"}],"curies":[{"name":"wp","href":"https:\/\/api.w.org\/{rel}","templated":true}]}}