{"id":47,"date":"2018-10-21T16:14:46","date_gmt":"2018-10-21T16:14:46","guid":{"rendered":"http:\/\/coprocier.org.ar\/web\/?page_id=47"},"modified":"2026-03-20T00:49:52","modified_gmt":"2026-03-20T00:49:52","slug":"obtener-matricula","status":"publish","type":"page","link":"https:\/\/coprocier.org.ar\/web\/obtener-matricula\/","title":{"rendered":"Obtener matr\u00edcula"},"content":{"rendered":"\n<p>Tenga en cuenta los<a href=\"http:\/\/coprocier.org.ar\/web\/?page_id=45\"> requisitos de matriculaci\u00f3n<\/a>.<\/p>\n\n\n\n<p>Se presentan dos alternativas para la solicitud de matr\u00edcula:<\/p>\n\n\n\n<p><\/p>\n\n\n\n<p><\/p>\n\n\n\n<h2 class=\"wp-block-heading\">Inscripci\u00f3n online (Tenga a mano archivos PDF con el DNI, t\u00edtulo, plan de estudios y certificado de antecedentes penales)<\/h2>\n\n\n\n<p><\/p>\n\n\n\n<div class=\"wp-block-buttons is-content-justification-center is-layout-flex wp-container-core-buttons-is-layout-16018d1d wp-block-buttons-is-layout-flex\">\n<div class=\"wp-block-button\"><a class=\"wp-block-button__link wp-element-button\" href=\"https:\/\/coprocier.org.ar\/matriculacion\">Formulario de inscripci\u00f3n<\/a><\/div>\n<\/div>\n\n\n\n<p><\/p>\n\n\n\n<p><\/p>\n\n\n\n<p><\/p>\n\n\n\n<p><\/p>\n\n\n\n<h2 class=\"wp-block-heading\">Inscripci\u00f3n tradicional (declaraci\u00f3n jurada en papel):<\/h2>\n\n\n\n<p>El formulario deber\u00e1 presentarse en la Sede del Colegio junto con la documentaci\u00f3n respaldatoria.<\/p>\n\n\n\n<div><a href=\"https:\/\/www.coprocier.org.ar\/archivos\/solicitud_de_matriculacion.doc\">Solicitud (.doc)<\/a><\/div>\n\n\n\n<div><a href=\"https:\/\/www.coprocier.org.ar\/archivos\/solicitud_de_matriculacion.odt\">Solicitud (.odt)<\/a><\/div>\n","protected":false},"excerpt":{"rendered":"<p>Tenga en cuenta los requisitos de matriculaci\u00f3n. Se presentan dos alternativas para la solicitud de matr\u00edcula: Inscripci\u00f3n online (Tenga a mano archivos PDF con el DNI, t\u00edtulo, plan de estudios y certificado de antecedentes penales) Inscripci\u00f3n tradicional (declaraci\u00f3n jurada en papel): El formulario deber\u00e1 presentarse en la Sede del Colegio junto con la documentaci\u00f3n respaldatoria. [&hellip;]<\/p>\n","protected":false},"author":1,"featured_media":0,"parent":0,"menu_order":0,"comment_status":"closed","ping_status":"closed","template":"","meta":{"_et_pb_use_builder":"","_et_pb_old_content":"","_et_gb_content_width":"","footnotes":""},"class_list":["post-47","page","type-page","status-publish","hentry"],"_links":{"self":[{"href":"https:\/\/coprocier.org.ar\/web\/wp-json\/wp\/v2\/pages\/47","targetHints":{"allow":["GET"]}}],"collection":[{"href":"https:\/\/coprocier.org.ar\/web\/wp-json\/wp\/v2\/pages"}],"about":[{"href":"https:\/\/coprocier.org.ar\/web\/wp-json\/wp\/v2\/types\/page"}],"author":[{"embeddable":true,"href":"https:\/\/coprocier.org.ar\/web\/wp-json\/wp\/v2\/users\/1"}],"replies":[{"embeddable":true,"href":"https:\/\/coprocier.org.ar\/web\/wp-json\/wp\/v2\/comments?post=47"}],"version-history":[{"count":11,"href":"https:\/\/coprocier.org.ar\/web\/wp-json\/wp\/v2\/pages\/47\/revisions"}],"predecessor-version":[{"id":6355,"href":"https:\/\/coprocier.org.ar\/web\/wp-json\/wp\/v2\/pages\/47\/revisions\/6355"}],"wp:attachment":[{"href":"https:\/\/coprocier.org.ar\/web\/wp-json\/wp\/v2\/media?parent=47"}],"curies":[{"name":"wp","href":"https:\/\/api.w.org\/{rel}","templated":true}]}}