{"id":49,"date":"2018-10-21T16:15:01","date_gmt":"2018-10-21T16:15:01","guid":{"rendered":"http:\/\/coprocier.org.ar\/web\/?page_id=49"},"modified":"2025-08-24T14:31:32","modified_gmt":"2025-08-24T14:31:32","slug":"peritos-judiciales","status":"publish","type":"page","link":"https:\/\/coprocier.org.ar\/web\/peritos-judiciales\/","title":{"rendered":"Peritos judiciales"},"content":{"rendered":"\n<p>Listado de profesionales inform\u00e1ticos que se desempe\u00f1an como peritos judiciales bajo la \u00f3rbita del Superior Tribunal de Justicia (STJ).<\/p>\n\n\n\n<p>Peritos judiciales inform\u00e1ticos registrados \/ A\u00f1o 2025<\/p>\n\n\n\n<p><strong>PARAN\u00c1<\/strong><\/p>\n\n\n\n<figure class=\"wp-block-table\"><table><tbody><tr><td><strong>MP<\/strong><\/td><td><strong>APELLIDO Y NOMBRE<\/strong><\/td><td><strong>E-MAIL<\/strong><\/td><\/tr><tr><td>92<\/td><td>ARANGUREN, SILVIA MONICA<\/td><td>sarangur@gmail.com<\/td><\/tr><tr><td>140<\/td><td>DUPIN, Alejandra Gladis<\/td><td>aledupin@yahoo.com.ar<\/td><\/tr><tr><td>157<\/td><td>VILLAGRA, GLADYS BEATRIZ<\/td><td>gbvillagra@gmail.com<\/td><\/tr><tr><td>209<\/td><td>ORSINI, MARIANO EDUARDO<\/td><td>morsini@lyoestudio.com.ar<\/td><\/tr><tr><td>210<\/td><td>LOPEZ, JEREMIAS EZEQUIEL<\/td><td>lopezjere@hotmail.com<\/td><\/tr><tr><td>212<\/td><td>SCHUNCK MARIANA ALEJANDRA<\/td><td>marianaschunck@infoaire.com.ar<\/td><\/tr><tr><td>219<\/td><td>DUARTE, CARLOS ALEJANDRO<\/td><td>carlosduarterenaud@gmail.com<\/td><\/tr><tr><td>228<\/td><td>OREGA, HUGO DANIEL<\/td><td>oregahugo@hotmail.com<\/td><\/tr><tr><td>276<\/td><td>EL\u00cdAS, Walter Ricardo<\/td><td>walter.elias@gmailcom<\/td><\/tr><tr><td>312<\/td><td>GONZALEZ Javier Alfredo<\/td><td>xalgonzalez@yahoo.com.ar<\/td><\/tr><tr><td>315<\/td><td>CANZONETTA, FERNANDO PASCUAL<\/td><td>fernac31@hotmail.com<\/td><\/tr><tr><td>395<\/td><td>RIQUEL, SEBASTIAN ERNESTO<\/td><td>sriquel@hotmail.com<\/td><\/tr><tr><td>523<\/td><td>BRAMBILLA, Leonardo Miguel <\/td><td>lmbrambilla@gmail.com<\/td><\/tr><tr><td>530<\/td><td>PODVERSICH, YANINA LUCIANA<\/td><td>ylp_5@hotmail.com<\/td><\/tr><tr><td>531<\/td><td>ALMEIDA, GRISELDA SOLEDAD<\/td><td>gisol13@gmail.com<\/td><\/tr><tr><td>592<\/td><td>SCHMUKLER, JORGE LUIS<\/td><td>jorgeschmukler@gmail.com<\/td><\/tr><tr><td>601<\/td><td>BONADEO, PAMELA ESTEFANIA<\/td><td>bonadeopamela@gmail.com<\/td><\/tr><tr><td>607<\/td><td>BRESSAN, CECILIA RAQUEL<\/td><td>cecilia_r_bressan@hotmail.com<\/td><\/tr><tr><td>611<\/td><td>CRUZADO, Hern\u00e1n Gast\u00f3n<\/td><td>gastoncruzado@gmail.com<\/td><\/tr><tr><td>614<\/td><td>GARCIA, Rosana Marcela<\/td><td>roxgarciav@gmail.com<\/td><\/tr><tr><td>620<\/td><td>D\u00cdAZ, Santiago Ra\u00fal<\/td><td>19santiagodiaz94@gmail.com<\/td><\/tr><tr><td>645<\/td><td> BERMUDEZ GOLINELLI, Diego<\/td><td>bermudez@indictum.com<\/td><\/tr><tr><td>648<\/td><td>CHURRUARIN Mat\u00edas<\/td><td>churruarin.matias@gmail.com<\/td><\/tr><tr><td>650<\/td><td>CAMERONI, Roberto Dami\u00e1n<\/td><td>robertodcameroni2@gmail.com<\/td><\/tr><tr><td>654<\/td><td>FERREYRA, Claudia Marisa<\/td><td>margarita300699@gmail.com<\/td><\/tr><\/tbody><\/table><\/figure>\n\n\n\n<p><strong>CONCEPCI\u00d3N DEL URUGUAY<\/strong><\/p>\n\n\n\n<figure class=\"wp-block-table\"><table><tbody><tr><td><strong>MP<\/strong><\/td><td><strong>APELLIDO Y NOMBRE<\/strong><\/td><td><strong>E-MAIL<\/strong><\/td><\/tr><tr><td>092<\/td><td>ARANGUREN, Silvia Monica<\/td><td>sarangur@gmail.com<\/td><\/tr><tr><td>219<\/td><td>DUARTE, Carlos Alejandro<\/td><td>carlosduarterenaud@gmail.com<\/td><\/tr><tr><td>241<\/td><td>CAFFERATA, Rosana Maria<\/td><td>rosanacafferata@gmail.com<\/td><\/tr><tr><td>467<\/td><td>LOSCO, FEDERICO LUIS<\/td><td>fed.los@gmail.com<\/td><\/tr><tr><td>575<\/td><td>MISSORINI, LAURA RAQUEL<\/td><td>lmissorini@yahoo.com.ar<\/td><\/tr><tr><td>607<\/td><td>BRESSAN, CECILIA RAQUEL<\/td><td>cecilia_r_bressan@hotmail.com<\/td><\/tr><tr><td>611<\/td><td>CRUZADO HERNAN GASTON<\/td><td>gastoncruzado@gmail.com<\/td><\/tr><tr><td>645<\/td><td>BERMUDEZ GOLINELLI, Diego<\/td><td>bermudez@indictum.com<\/td><\/tr><tr><td>650<\/td><td>CAMERONI, Roberto Dami\u00e1n<\/td><td>robertodcameroni2@gmail.com<\/td><\/tr><\/tbody><\/table><\/figure>\n\n\n\n<p><strong>GUALEGUAYCH\u00da<\/strong><\/p>\n\n\n\n<figure class=\"wp-block-table\"><table><tbody><tr><td><strong>MP<\/strong><\/td><td><strong>APELLIDO Y NOMBRE<\/strong><\/td><td><strong>E-MAIL<\/strong><\/td><\/tr><tr><td>092<\/td><td>ARANGUREN, Silvia M\u00f3nica<\/td><td>sarangur@gmail.com<\/td><\/tr><tr><td>219<\/td><td>DUARTE, CARLOS ALEJANDRO<\/td><td>carlosduarterenaud@gmail.com<\/td><\/tr><tr><td>241<\/td><td>CAFFERATA, ROSANA MAR\u00cdA<\/td><td>rosanacafferata@gmail.com<\/td><\/tr><tr><td>330<\/td><td>POETI, WALDEMAR ALEJANDRO<\/td><td>alejandro@poeti.com.ar<\/td><\/tr><tr><td>607<\/td><td>BRESSAN, Cecilia Raquel<\/td><td>cecilia_r_bressan@hotmail.com<\/td><\/tr><tr><td>611<\/td><td>CRUZADO HERNAN GASTON<\/td><td>gastoncruzado@gmail.com<\/td><\/tr><tr><td>640<\/td><td>JARA, Aldo<\/td><td>aldo_jara@hotmail.com<\/td><\/tr><tr><td>645<\/td><td>BERMUDEZ GOLINELLI, Diego<\/td><td>bermudez@indictum.com<\/td><\/tr><tr><td>650<\/td><td>CAMERONI, Roberto Dami\u00e1n<\/td><td>robertodcameroni2@gmail.com<\/td><\/tr><\/tbody><\/table><\/figure>\n\n\n\n<p><strong>CHAJAR\u00cd<\/strong><\/p>\n\n\n\n<figure class=\"wp-block-table\"><table><tbody><tr><td><strong>MP<\/strong><\/td><td><strong>APELLIDO Y NOMBRE<\/strong><\/td><td><strong>E-MAIL<\/strong><\/td><\/tr><tr><td>092<\/td><td>ARANGUREN, Silvia M\u00f3nica<\/td><td>sarangur@gmail.com<\/td><\/tr><tr><td>219<\/td><td>DUARTE, Carlos Alejandro<\/td><td>carlosduarterenaud@gmail.com<\/td><\/tr><tr><td>467<\/td><td>LOSCO, Federico Luis<\/td><td>fed.los@gmail.com<\/td><\/tr><tr><td>530<\/td><td>PODVERSICH, YANINA LUCIANA<\/td><td>ylp_5@hotmail.com<\/td><\/tr><tr><td>611<\/td><td>CRUZADO, HERN\u00c1N Gast\u00f3n<\/td><td>gastoncruzado@gmail.com<\/td><\/tr><tr><td>645<\/td><td>BERMUDEZ GOLINELLI, Diego<\/td><td>bermudez@indictum.com<\/td><\/tr><tr><td>650<\/td><td>CAMERONI, Roberto Dami\u00e1n<\/td><td>robertodcameroni2@gmail.com<\/td><\/tr><\/tbody><\/table><\/figure>\n\n\n\n<p><strong>FEDERACI\u00d3N<\/strong><\/p>\n\n\n\n<figure class=\"wp-block-table\"><table><tbody><tr><td><strong>MP<\/strong><\/td><td><strong>APELLIDO Y NOMBRE<\/strong><\/td><td><strong>E-MAIL<\/strong><\/td><\/tr><tr><td>92<\/td><td>ARANGUREN, Silvia M\u00f3nica<\/td><td>sarangur@gmail.com<\/td><\/tr><tr><td>219<\/td><td>DUARTE, Carlos Alejandro<\/td><td>carlosduarterenaud@gmail.com<\/td><\/tr><tr><td>228<\/td><td>OREGA, Hugo Daniel <\/td><td>oregahugo@hotmail.com<\/td><\/tr><tr><td>276<\/td><td>ELIAS, Walter Ricardo <\/td><td>walter.elias@gmailcom<\/td><\/tr><tr><td>467<\/td><td>LOSCO, FEDERICO Luis<\/td><td>fed.los@gmail.com<\/td><\/tr><tr><td>611<\/td><td>CRUZADO, HERN\u00c1N Gast\u00f3n<\/td><td>gastoncruzado@gmail.com<\/td><\/tr><tr><td>645<\/td><td>BERMUDEZ GOLINELLI, Diego<\/td><td>bermudez@indictum.com<\/td><\/tr><tr><td>650<\/td><td>CAMERONI, Roberto Dami\u00e1n<\/td><td>robertodcameroni2@gmail.com<\/td><\/tr><\/tbody><\/table><\/figure>\n\n\n\n<p><strong>FELICIANO<\/strong><\/p>\n\n\n\n<figure class=\"wp-block-table\"><table><tbody><tr><td><strong>MP<\/strong><\/td><td><strong>APELLIDO Y NOMBRE<\/strong><\/td><td><strong>E-MAIL<\/strong><\/td><\/tr><tr><td>092<\/td><td>ARANGUREN, SILVIA M\u00f3nica<\/td><td>sarangur@gmail.com<\/td><\/tr><tr><td>219<\/td><td>DUARTE, Carlos Alejandro<\/td><td>carlosduarterenaud@gmail.com<\/td><\/tr><tr><td>228<\/td><td>OREGA, HUGO DANIEL<\/td><td>oregahugo@hotmail.com<\/td><\/tr><tr><td>611<\/td><td>CRUZADO, HERN\u00c1N Gast\u00f3n<\/td><td>gastoncruzado@gmail.com<\/td><\/tr><tr><td>645<\/td><td>BERMUDEZ GOLINELLI, Diego<\/td><td>bermudez@indictum.com<\/td><\/tr><tr><td>650<\/td><td>CAMERONI, Roberto Dami\u00e1n<\/td><td>robertodcameroni2@gmail.com<\/td><\/tr><\/tbody><\/table><\/figure>\n\n\n\n<p><strong>GUALEGUAY<\/strong><\/p>\n\n\n\n<figure class=\"wp-block-table\"><table><tbody><tr><td><strong>MP<\/strong><\/td><td><strong>APELLIDO Y NOMBRE<\/strong><\/td><td><strong>E-MAIL<\/strong><\/td><\/tr><tr><td>92<\/td><td>ARANGUREN, SILVIA MONICA<\/td><td>sarangur@gmail.com<\/td><\/tr><tr><td>219<\/td><td>DUARTE, CARLOS ALEJANDRO<\/td><td>carlosduarterenaud@gmail.com<\/td><\/tr><tr><td>530<\/td><td>PODVERSICH, Yanina Luciana<\/td><td>ylp_5@hotmail.com<\/td><\/tr><tr><td>607<\/td><td>BRESSAN, Cecilia Raquel<\/td><td>cecilia_r_bressan@hotmail.com<\/td><\/tr><tr><td>611<\/td><td>CRUZADO, HERN\u00c1N Gast\u00f3n<\/td><td>gastoncruzado@gmail.com<\/td><\/tr><tr><td>645<\/td><td>BERMUDEZ GOLINELLI, Diego<\/td><td>bermudez@indictum.com<\/td><\/tr><tr><td>650<\/td><td>CAMERONI, Roberto Dami\u00e1n<\/td><td>robertodcameroni2@gmail.com<\/td><\/tr><\/tbody><\/table><\/figure>\n\n\n\n<p><strong>COL\u00d3N<\/strong><\/p>\n\n\n\n<figure class=\"wp-block-table\"><table><tbody><tr><td><strong>MP<\/strong><\/td><td><strong>APELLIDO Y NOMBRE<\/strong><\/td><td><strong>E-MAIL<\/strong><\/td><\/tr><tr><td>92<\/td><td>ARANGUREN, Silvia M\u00f3nica<\/td><td>sarangur@gmail.com<\/td><\/tr><tr><td>219<\/td><td>DUARTE, Carlos Alejandro<\/td><td>carlosduarterenaud@gmail.com<\/td><\/tr><tr><td>276<\/td><td>ELIAS, Walter Ricardo <\/td><td>welias@oroverdedigital.com.ar<\/td><\/tr><tr><td>380<\/td><td>VADINO DANILO ARIEL<\/td><td>piramide.soft@gmail.com<\/td><\/tr><tr><td>467<\/td><td>LOSCO, FEDERICO Luis<\/td><td>fed.los@gmail.com<\/td><\/tr><tr><td>530<\/td><td>PODVERSICH, YANINA LUCIANA<\/td><td>ylp_5@hotmail.com<\/td><\/tr><tr><td>531<\/td><td>ALMEIDA, Gisela Soledad<\/td><td>gisol13@gmail.com<\/td><\/tr><tr><td>575<\/td><td>MISSORINI, LAURA Raquel<\/td><td>lmissorini@yahoo.com.ar<\/td><\/tr><tr><td>607<\/td><td>BRESSAN, Cecilia Raquel<\/td><td>cecilia_r_bressan@hotmail.com<\/td><\/tr><tr><td>611<\/td><td>CRUZADO HERNAN GASTON<\/td><td>gastoncruzado@gmail.com<\/td><\/tr><tr><td>645<\/td><td>BERMUDEZ GOLINELLI, Diego<\/td><td>bermudez@indictum.com<\/td><\/tr><tr><td>650<\/td><td>CAMERONI, Roberto Dami\u00e1n<\/td><td>robertodcameroni2@gmail.com<\/td><\/tr><\/tbody><\/table><\/figure>\n\n\n\n<p><strong>CONCORDIA<\/strong><\/p>\n\n\n\n<figure class=\"wp-block-table\"><table><tbody><tr><td><strong>MP<\/strong><\/td><td><strong>APELLIDO Y NOMBRE<\/strong><\/td><td><strong>E-MAIL<\/strong><\/td><\/tr><tr><td>092<\/td><td>ARANGUREN SILVIA MONICA<\/td><td>sarangur@gmail.com<\/td><\/tr><tr><td>219<\/td><td>DUARTE, CARLOS ALEJANDRO<\/td><td>carlosduarterenaud@gmail.com<\/td><\/tr><tr><td>465<\/td><td>LEINEKER, EVELYN PAMELA<\/td><td>evelynleineker@hotmail.com<\/td><\/tr><tr><td>467<\/td><td>LOSCO, FEDERICO LU\u00cdS<\/td><td>fed.los@gmail.com<\/td><\/tr><tr><td>530<\/td><td>PODVERSICH, YANINA LUCIANA<\/td><td>ylp_5@hotmail.com<\/td><\/tr><tr><td>607<\/td><td>BRESSAN, Cecilia Raquel<\/td><td>cecilia_r_bressan@hotmail.com<\/td><\/tr><tr><td>611<\/td><td>CRUZADO HERNAN GASTON<\/td><td>gastoncruzado@gmail.com<\/td><\/tr><tr><td>645<\/td><td>BERMUDEZ GOLINELLI, Diego<\/td><td>bermudez@indictum.com<\/td><\/tr><tr><td>650<\/td><td>CAMERONI, Roberto Dami\u00e1n<\/td><td>robertodcameroni2@gmail.com<\/td><\/tr><\/tbody><\/table><\/figure>\n\n\n\n<p><strong>LA PAZ <\/strong><\/p>\n\n\n\n<figure class=\"wp-block-table\"><table><tbody><tr><td><strong>MP<\/strong><\/td><td><strong>APELLIDO Y NOMBRE<\/strong><\/td><td><strong>E-MAIL<\/strong><\/td><\/tr><tr><td>092<\/td><td>ARANGUREN SILVIA MONICA<\/td><td>sarangur@gmail.com<\/td><\/tr><tr><td>140<\/td><td>DUPIN, Alejandra Gladis<\/td><td>aledupin@yahoo.com.ar<\/td><\/tr><tr><td>219<\/td><td>DUARTE CARLOS ALEJANDRO<\/td><td>carlosduarterenaud@gmail.com<\/td><\/tr><tr><td>228<\/td><td>OREGA, HUGO DANIEL<\/td><td>oregahugo@hotmail.com<\/td><\/tr><tr><td>276<\/td><td>ELIAS, Walter Ricardo <\/td><td>welias@oroverdedigital.com.ar<\/td><\/tr><tr><td>530<\/td><td>PODVERSICH, YANINA LUCIANA<\/td><td>ylp_5@hotmail.com<\/td><\/tr><tr><td>531<\/td><td>ALMEIDA, Gisela Soledad<\/td><td>gisol13@gmail.com<\/td><\/tr><tr><td>607<\/td><td>BRESSAN, Cecilia Raquel<\/td><td>cecilia_r_bressan@hotmail.com<\/td><\/tr><tr><td>611<\/td><td>CRUZADO HERNAN GASTON<\/td><td>gastoncruzado@gmail.com<\/td><\/tr><tr><td>645<\/td><td>BERMUDEZ GOLINELLI, Diego<\/td><td>bermudez@indictum.com<\/td><\/tr><tr><td>650<\/td><td>CAMERONI, Roberto Dami\u00e1n<\/td><td>robertodcameroni2@gmail.com<\/td><\/tr><\/tbody><\/table><\/figure>\n\n\n\n<p><strong>ROSARIO DEL TALA<\/strong><\/p>\n\n\n\n<figure class=\"wp-block-table\"><table><tbody><tr><td><strong>MP<\/strong><\/td><td><strong>APELLIDO Y NOMBRE<\/strong><\/td><td><strong>E-MAIL<\/strong><\/td><\/tr><tr><td>92<\/td><td>ARANGUREN, SILVIA MONICA<\/td><td>sarangur@gmail.com<\/td><\/tr><tr><td>219<\/td><td>DUARTE, CARLOS ALEJANDRO<\/td><td>carlosduarterenaud@gmail.com<\/td><\/tr><tr><td>228<\/td><td>OREGA,HUGO DANIEL<\/td><td>oregahugo@hotmail.com<\/td><\/tr><tr><td>330<\/td><td>POETI, WALDEMAR ALEJANDRO<\/td><td>alejandro@poeti.com.ar<\/td><\/tr><tr><td>530<\/td><td>PODVERSICH, YANINA LUCIANA<\/td><td>ylp_5@hotmail.com<\/td><\/tr><tr><td>531<\/td><td>ALMEIDA, Gisela Soledad<\/td><td>gisol13@gmail.com<\/td><\/tr><tr><td>575<\/td><td>MISSORINI, LAURA Raquel<\/td><td>lmissorini@yahoo.com.ar<\/td><\/tr><tr><td>611<\/td><td>CRUZADO HERNAN GASTON<\/td><td>gastoncruzado@gmail.com<\/td><\/tr><tr><td>645<\/td><td>BERMUDEZ GOLINELLI, Diego<\/td><td>bermudez@indictum.com<\/td><\/tr><tr><td>650<\/td><td>CAMERONI, Roberto Dami\u00e1n<\/td><td>robertodcameroni2@gmail.com<\/td><\/tr><\/tbody><\/table><\/figure>\n\n\n\n<p><strong>SAN SALVADOR<\/strong><\/p>\n\n\n\n<figure class=\"wp-block-table\"><table><tbody><tr><td><strong>MP<\/strong><\/td><td><strong>APELLIDO Y NOMBRE<\/strong><\/td><td><strong>E-MAIL<\/strong><\/td><\/tr><tr><td>092<\/td><td>ARANGUREN SILVIA MONICA<\/td><td>sarangur@gmail.com<\/td><\/tr><tr><td>219<\/td><td>DUARTE CARLOS ALEJANDRO<\/td><td>carlosduarterenaud@gmail.com<\/td><\/tr><tr><td>228<\/td><td>OREGA, HUGO DANIEL<\/td><td>oregahugo@hotmail.com<\/td><\/tr><tr><td>467<\/td><td>LOSCO FEDERICO LUIS<\/td><td>fed.los@gmail.com<\/td><\/tr><tr><td>530<\/td><td>PODVERSICH, YANINA LUCIANA<\/td><td>ylp_5@hotmail.com<\/td><\/tr><tr><td>531<\/td><td>ALMEIDA, Gisela Soledad<\/td><td>gisol13@gmail.com<\/td><\/tr><tr><td>611<\/td><td>CRUZADO HERNAN GASTON<\/td><td>gastoncruzado@gmail.com<\/td><\/tr><tr><td>645<\/td><td>BERMUDEZ GOLINELLI, Diego<\/td><td>bermudez@indictum.com<\/td><\/tr><tr><td>650<\/td><td>CAMERONI, Roberto Dami\u00e1n<\/td><td>robertodcameroni2@gmail.com<\/td><\/tr><\/tbody><\/table><\/figure>\n\n\n\n<p><strong>VILLAGUAY<\/strong><\/p>\n\n\n\n<figure class=\"wp-block-table\"><table><tbody><tr><td><strong>MP<\/strong><\/td><td><strong>APELLIDO Y NOMBRE<\/strong><\/td><td><strong>E-MAIL<\/strong><\/td><\/tr><tr><td>092<\/td><td>ARANGUREN SILVIA MONICA<\/td><td>sarangur@gmail.com<\/td><\/tr><tr><td>219<\/td><td>DUARTE CARLOS ALEJANDRO<\/td><td>carlosduarterenaud@gmail.com<\/td><\/tr><tr><td>228<\/td><td>OREGA, HUGO DANIEL<\/td><td>oregahugo@hotmail.com<\/td><\/tr><tr><td>276<\/td><td>ELIAS, Walter Ricardo <\/td><td>welias@oroverdedigital.com.ar<\/td><\/tr><tr><td>467<\/td><td>LOSCO FEDERICO LUIS<\/td><td>fed.los@gmail.com<\/td><\/tr><tr><td>530<\/td><td>PODVERSICH, YANINA LUCIANA<\/td><td>ylp_5@hotmail.com<\/td><\/tr><tr><td>531<\/td><td>ALMEIDA, Gisela Soledad<\/td><td>gisol13@gmail.com<\/td><\/tr><tr><td>607<\/td><td>BRESSAN, Cecilia Raquel<\/td><td>cecilia_r_bressan@hotmail.com<\/td><\/tr><tr><td>611<\/td><td>CRUZADO HERNAN GASTON<\/td><td>gastoncruzado@gmail.com<\/td><\/tr><tr><td>645<\/td><td>BERMUDEZ GOLINELLI, Diego<\/td><td>bermudez@indictum.com<\/td><\/tr><tr><td>650<\/td><td>CAMERONI, Roberto Dami\u00e1n<\/td><td>robertodcameroni2@gmail.com<\/td><\/tr><\/tbody><\/table><figcaption class=\"wp-element-caption\"><br><strong>VICTORIA<\/strong><\/figcaption><\/figure>\n\n\n\n<figure class=\"wp-block-table\"><table><tbody><tr><td><strong>MP<\/strong><\/td><td><strong>APELLIDO Y NOMBRE<\/strong><\/td><td><strong>E-MAIL<\/strong><\/td><\/tr><tr><td>092<\/td><td>ARANGUREN SILVIA MONICA<\/td><td>sarangur@gmail.com<\/td><\/tr><tr><td>140<\/td><td>DUPIN, Alejandra Gladis<\/td><td>aledupin@yahoo.com.ar<\/td><\/tr><tr><td>276<\/td><td>ELIAS, Walter Ricardo <\/td><td>welias@oroverdedigital.com.ar<\/td><\/tr><tr><td>530<\/td><td>PODVERSICH, YANINA LUCIANA<\/td><td>ylp_5@hotmail.com<\/td><\/tr><tr><td>611<\/td><td>CRUZADO HERNAN GASTON<\/td><td>gastoncruzado@gmail.com<\/td><\/tr><tr><td>645<\/td><td>BERMUDEZ GOLINELLI, Diego<\/td><td>bermudez@indictum.com<\/td><\/tr><tr><td>650<\/td><td>CAMERONI, Roberto Dami\u00e1n<\/td><td>robertodcameroni2@gmail.com<\/td><\/tr><tr><td>654<\/td><td>FERREYRA, Claudia Marisa<\/td><td>margarita300699@gmail.com<\/td><\/tr><\/tbody><\/table><figcaption class=\"wp-element-caption\"><br><\/figcaption><\/figure>\n\n\n\n<p><\/p>\n","protected":false},"excerpt":{"rendered":"<p>Listado de profesionales inform\u00e1ticos que se desempe\u00f1an como peritos judiciales bajo la \u00f3rbita del Superior Tribunal de Justicia (STJ). Peritos judiciales inform\u00e1ticos registrados \/ A\u00f1o 2025 PARAN\u00c1 MP APELLIDO Y NOMBRE E-MAIL 92 ARANGUREN, SILVIA MONICA sarangur@gmail.com 140 DUPIN, Alejandra Gladis aledupin@yahoo.com.ar 157 VILLAGRA, GLADYS BEATRIZ gbvillagra@gmail.com 209 ORSINI, MARIANO EDUARDO morsini@lyoestudio.com.ar 210 LOPEZ, JEREMIAS [&hellip;]<\/p>\n","protected":false},"author":1,"featured_media":0,"parent":0,"menu_order":0,"comment_status":"closed","ping_status":"closed","template":"","meta":{"_et_pb_use_builder":"","_et_pb_old_content":"","_et_gb_content_width":"","footnotes":""},"class_list":["post-49","page","type-page","status-publish","hentry"],"_links":{"self":[{"href":"https:\/\/coprocier.org.ar\/web\/wp-json\/wp\/v2\/pages\/49","targetHints":{"allow":["GET"]}}],"collection":[{"href":"https:\/\/coprocier.org.ar\/web\/wp-json\/wp\/v2\/pages"}],"about":[{"href":"https:\/\/coprocier.org.ar\/web\/wp-json\/wp\/v2\/types\/page"}],"author":[{"embeddable":true,"href":"https:\/\/coprocier.org.ar\/web\/wp-json\/wp\/v2\/users\/1"}],"replies":[{"embeddable":true,"href":"https:\/\/coprocier.org.ar\/web\/wp-json\/wp\/v2\/comments?post=49"}],"version-history":[{"count":77,"href":"https:\/\/coprocier.org.ar\/web\/wp-json\/wp\/v2\/pages\/49\/revisions"}],"predecessor-version":[{"id":5901,"href":"https:\/\/coprocier.org.ar\/web\/wp-json\/wp\/v2\/pages\/49\/revisions\/5901"}],"wp:attachment":[{"href":"https:\/\/coprocier.org.ar\/web\/wp-json\/wp\/v2\/media?parent=49"}],"curies":[{"name":"wp","href":"https:\/\/api.w.org\/{rel}","templated":true}]}}