{"id":53,"date":"2018-10-21T16:15:34","date_gmt":"2018-10-21T16:15:34","guid":{"rendered":"http:\/\/coprocier.org.ar\/web\/?page_id=53"},"modified":"2026-04-06T16:10:17","modified_gmt":"2026-04-06T16:10:17","slug":"honorarios-sugeridos","status":"publish","type":"page","link":"https:\/\/coprocier.org.ar\/web\/honorarios-sugeridos\/","title":{"rendered":"Honorarios sugeridos"},"content":{"rendered":"<p>Ante la necesidad de los matriculados de contar con una gu\u00eda de referencia para la determinaci\u00f3n de sus honorarios, ponemos a disposici\u00f3n una escala de valores sugeridos para los diferentes \u00e1mbitos de actuaci\u00f3n profesional.<\/p>\n<p>Estos montos son importes recomendados como referencia y no constituyen ni deben ser interpretados como remuneraci\u00f3n m\u00ednima obligatoria.<\/p>\n<p>Los valores propuestos est\u00e1n en consonancia con los establecidos por otros Colegios Profesionales de la Rep\u00fablica Argentina.<\/p>\n<p><a href=\"http:\/\/coprocier.org.ar\/web\/wp-content\/uploads\/2026\/04\/febrero_26.pdf\"><strong>\u00bbDescargar tabla Honorarios Profesionales sugeridos<\/strong><\/a> (<strong>Actualizada a Febrero de 2026<\/strong>)<\/p>\n<p>Fuente: Consejo Profesional de Ciencias Inform\u00e1ticas de la provincia de C\u00f3rdoba (CPCIPC).<\/p>\n\n\n<p><\/p>\n","protected":false},"excerpt":{"rendered":"<p>Ante la necesidad de los matriculados de contar con una gu\u00eda de referencia para la determinaci\u00f3n de sus honorarios, ponemos a disposici\u00f3n una escala de valores sugeridos para los diferentes \u00e1mbitos de actuaci\u00f3n profesional. Estos montos son importes recomendados como referencia y no constituyen ni deben ser interpretados como remuneraci\u00f3n m\u00ednima obligatoria. Los valores propuestos [&hellip;]<\/p>\n","protected":false},"author":1,"featured_media":0,"parent":0,"menu_order":0,"comment_status":"closed","ping_status":"closed","template":"","meta":{"_et_pb_use_builder":"","_et_pb_old_content":"","_et_gb_content_width":"","footnotes":""},"class_list":["post-53","page","type-page","status-publish","hentry"],"_links":{"self":[{"href":"https:\/\/coprocier.org.ar\/web\/wp-json\/wp\/v2\/pages\/53","targetHints":{"allow":["GET"]}}],"collection":[{"href":"https:\/\/coprocier.org.ar\/web\/wp-json\/wp\/v2\/pages"}],"about":[{"href":"https:\/\/coprocier.org.ar\/web\/wp-json\/wp\/v2\/types\/page"}],"author":[{"embeddable":true,"href":"https:\/\/coprocier.org.ar\/web\/wp-json\/wp\/v2\/users\/1"}],"replies":[{"embeddable":true,"href":"https:\/\/coprocier.org.ar\/web\/wp-json\/wp\/v2\/comments?post=53"}],"version-history":[{"count":57,"href":"https:\/\/coprocier.org.ar\/web\/wp-json\/wp\/v2\/pages\/53\/revisions"}],"predecessor-version":[{"id":6383,"href":"https:\/\/coprocier.org.ar\/web\/wp-json\/wp\/v2\/pages\/53\/revisions\/6383"}],"wp:attachment":[{"href":"https:\/\/coprocier.org.ar\/web\/wp-json\/wp\/v2\/media?parent=53"}],"curies":[{"name":"wp","href":"https:\/\/api.w.org\/{rel}","templated":true}]}}